{"id":1712,"date":"2019-09-28T19:06:22","date_gmt":"2019-09-28T17:06:22","guid":{"rendered":"https:\/\/reparacion-de-maquinaria.es\/?page_id=1712"},"modified":"2020-02-19T16:57:56","modified_gmt":"2020-02-19T15:57:56","slug":"mantenimiento-llaves-en-mano","status":"publish","type":"page","link":"https:\/\/reparacion-de-maquinaria.es\/?page_id=1712","title":{"rendered":"Mantenimiento llaves en mano"},"content":{"rendered":"\t\t<div data-elementor-type=\"wp-page\" data-elementor-id=\"1712\" class=\"elementor elementor-1712\" data-elementor-settings=\"[]\">\n\t\t\t<div class=\"elementor-inner\">\n\t\t\t\t<div class=\"elementor-section-wrap\">\n\t\t\t\t\t\t\t<section class=\"elementor-element elementor-element-6be9ec6d elementor-section-height-min-height elementor-section-content-middle elementor-section-boxed elementor-section-height-default elementor-section-items-middle elementor-section elementor-top-section\" data-id=\"6be9ec6d\" data-element_type=\"section\" data-settings=\"{&quot;background_background&quot;:&quot;classic&quot;}\">\n\t\t\t\t\t\t\t<div class=\"elementor-background-overlay\"><\/div>\n\t\t\t\t\t\t\t<div class=\"elementor-container elementor-column-gap-extended\">\n\t\t\t\t<div class=\"elementor-row\">\n\t\t\t\t<div class=\"elementor-element elementor-element-9f30abc elementor-column elementor-col-50 elementor-top-column\" data-id=\"9f30abc\" data-element_type=\"column\">\n\t\t\t<div class=\"elementor-column-wrap  elementor-element-populated\">\n\t\t\t\t\t<div class=\"elementor-widget-wrap\">\n\t\t\t\t<div class=\"elementor-element elementor-element-2b3e0e9b elementor-invisible elementor-widget elementor-widget-heading\" data-id=\"2b3e0e9b\" data-element_type=\"widget\" data-settings=\"{&quot;_animation&quot;:&quot;fadeInDown&quot;,&quot;_animation_delay&quot;:&quot;200&quot;}\" data-widget_type=\"heading.default\">\n\t\t\t\t<div class=\"elementor-widget-container\">\n\t\t\t<h2 class=\"elementor-heading-title elementor-size-default\">Mantenimiento llaves en mano<\/h2>\t\t<\/div>\n\t\t\t\t<\/div>\n\t\t\t\t\t\t<\/div>\n\t\t\t<\/div>\n\t\t<\/div>\n\t\t\t\t<div class=\"elementor-element elementor-element-4b10ffeb elementor-column elementor-col-50 elementor-top-column\" data-id=\"4b10ffeb\" data-element_type=\"column\">\n\t\t\t<div class=\"elementor-column-wrap  elementor-element-populated\">\n\t\t\t\t\t<div class=\"elementor-widget-wrap\">\n\t\t\t\t<div class=\"elementor-element elementor-element-1b6a0326 elementor-widget elementor-widget-eael-creative-button\" data-id=\"1b6a0326\" data-element_type=\"widget\" data-widget_type=\"eael-creative-button.default\">\n\t\t\t\t<div class=\"elementor-widget-container\">\n\t\t\t\t<div class=\"eael-creative-button-wrapper\">\n\t\t\n\t\t<a class=\"eael-creative-button eael-creative-button--tamaya\" href=\"https:\/\/reparacion-de-maquinaria.es\/contacto\/\" data-text=\"Llama\">\n\t\t\t\n\t\t\t<div class=\"creative-button-inner\">\n\t\t\t\t\n\t\t\t\t\n\t\t\t\t<span class=\"cretive-button-text\">Contacta<\/span>\n\n\t\t\t\t\n\t\t\t<\/div>\n\t\t<\/a>\n\t<\/div>\n\t\t\t<\/div>\n\t\t\t\t<\/div>\n\t\t\t\t\t\t<\/div>\n\t\t\t<\/div>\n\t\t<\/div>\n\t\t\t\t\t\t<\/div>\n\t\t\t<\/div>\n\t\t<\/section>\n\t\t\t\t<section class=\"elementor-element elementor-element-89b72b9 elementor-section-boxed elementor-section-height-default elementor-section-height-default elementor-section elementor-top-section\" data-id=\"89b72b9\" data-element_type=\"section\">\n\t\t\t\t\t\t<div class=\"elementor-container elementor-column-gap-default\">\n\t\t\t\t<div class=\"elementor-row\">\n\t\t\t\t<div class=\"elementor-element elementor-element-53b42fb elementor-column elementor-col-100 elementor-top-column\" data-id=\"53b42fb\" data-element_type=\"column\">\n\t\t\t<div class=\"elementor-column-wrap  elementor-element-populated\">\n\t\t\t\t\t<div class=\"elementor-widget-wrap\">\n\t\t\t\t<div class=\"elementor-element elementor-element-d961d29 elementor-widget elementor-widget-eael-fancy-text\" data-id=\"d961d29\" data-element_type=\"widget\" data-widget_type=\"eael-fancy-text.default\">\n\t\t\t\t<div class=\"elementor-widget-container\">\n\t\t\t\n\t<div  class=\"eael-fancy-text-container style-1\" data-fancy-text-id=\"d961d29\" data-fancy-text=\" y asistencia inmediata de reparaciones y empresas.|Primera evaluaci\u00f3n de la aver\u00eda sin compromiso.\" data-fancy-text-transition-type=\"typing\" data-fancy-text-speed=\"50\" data-fancy-text-delay=\"2500\" data-fancy-text-cursor=\"yes\" data-fancy-text-loop=\"yes\" >\n\t\t\t\t\t<span class=\"eael-fancy-text-prefix\">Servicio urgente <\/span>\n\t\t\n\t\t\n\t\t\t\t\t<span id=\"eael-fancy-text-d961d29\" class=\"eael-fancy-text-strings\"> y asistencia inmediata de reparaciones y empresas., Primera evaluaci\u00f3n de la aver\u00eda sin compromiso.\t\t\t<\/span>\n\t\t\n\t\t\t\t\t<span class=\"eael-fancy-text-suffix\"> Llamar al 669 800 100 <\/span>\n\t\t\t<\/div><!-- close .eael-fancy-text-container -->\n\n\t<div class=\"clearfix\"><\/div>\n\n\t\t\t<\/div>\n\t\t\t\t<\/div>\n\t\t\t\t\t\t<\/div>\n\t\t\t<\/div>\n\t\t<\/div>\n\t\t\t\t\t\t<\/div>\n\t\t\t<\/div>\n\t\t<\/section>\n\t\t\t\t<section class=\"elementor-element elementor-element-4b03ed4d elementor-section-height-min-height elementor-section-content-space-between elementor-section-boxed elementor-section-height-default elementor-section-items-middle elementor-section elementor-top-section\" data-id=\"4b03ed4d\" data-element_type=\"section\" data-settings=\"{&quot;background_background&quot;:&quot;classic&quot;}\">\n\t\t\t\t\t\t<div class=\"elementor-container elementor-column-gap-wider\">\n\t\t\t\t<div class=\"elementor-row\">\n\t\t\t\t<div class=\"elementor-element elementor-element-6657b997 elementor-invisible elementor-column elementor-col-100 elementor-top-column\" data-id=\"6657b997\" data-element_type=\"column\" data-settings=\"{&quot;background_background&quot;:&quot;classic&quot;,&quot;animation&quot;:&quot;fadeInDown&quot;}\">\n\t\t\t<div class=\"elementor-column-wrap  elementor-element-populated\">\n\t\t\t\t\t\t\t<div class=\"elementor-background-overlay\"><\/div>\n\t\t\t\t\t<div class=\"elementor-widget-wrap\">\n\t\t\t\t<div class=\"elementor-element elementor-element-78415e6a elementor-widget elementor-widget-heading\" data-id=\"78415e6a\" data-element_type=\"widget\" data-widget_type=\"heading.default\">\n\t\t\t\t<div class=\"elementor-widget-container\">\n\t\t\t<h2 class=\"elementor-heading-title elementor-size-default\">mantenimiento llaves en mano<\/h2>\t\t<\/div>\n\t\t\t\t<\/div>\n\t\t\t\t<div class=\"elementor-element elementor-element-a467013 elementor-widget elementor-widget-text-editor\" data-id=\"a467013\" data-element_type=\"widget\" data-widget_type=\"text-editor.default\">\n\t\t\t\t<div class=\"elementor-widget-container\">\n\t\t\t\t\t<div class=\"elementor-text-editor elementor-clearfix\"><p>Desde Mantenimiento Industrial, ofrecemos el servicio del contrato de llave en mano.<\/p><p>Nosotros nos encaremos de la\u00a0 puesta en marcha de tus instalaciones realizando el mantenimiento, contratos con promotoras, constructoras,ect.<\/p><p>Nuestro objetivo es el de asegurar la disponibilidad y confiabilidad prevista de las operaciones con respecto de la funci\u00f3n deseada, cumpliendo con los requisitos del sistema de calidad, as\u00ed como las normas de seguridad y medio ambiente.<\/p><p>Mantenimiento llave en mano:<\/p><ol><li>Ofrecemos un control exhaustivo del proceso y gesti\u00f3n realizada.<\/li><li>B\u00fasqueda de soluciones para problemas de aprovisionamiento de material y mano de obra.<\/li><li>Mantenimiento y seguimiento de las instalaciones el\u00e9ctricas.<\/li><li>Mantenimiento y seguimiento de las instalaciones de maquinaria.<\/li><li>Mantenimiento y seguimiento de las instalaciones hidr\u00e1ulicas, neum\u00e1ticas.<\/li><\/ol><p>Todo lo que tenga relaci\u00f3n con cualquier instalaci\u00f3n industrial en la que se utilicen circuitos el\u00e9ctricos, hidr\u00e1ulicos o neum\u00e1ticos.<\/p><p>Buscamos ofrecer a nuestros clientes soluciones integrales, que abarquen tanto el dise\u00f1o preliminar y de detalle, como la gesti\u00f3n de compras, construcci\u00f3n y puesta en marcha de las instalaciones.<\/p><\/div>\n\t\t\t\t<\/div>\n\t\t\t\t<\/div>\n\t\t\t\t\t\t<\/div>\n\t\t\t<\/div>\n\t\t<\/div>\n\t\t\t\t\t\t<\/div>\n\t\t\t<\/div>\n\t\t<\/section>\n\t\t\t\t<section class=\"elementor-element elementor-element-31aab3b9 elementor-section-boxed elementor-section-height-default elementor-section-height-default elementor-section elementor-top-section\" data-id=\"31aab3b9\" data-element_type=\"section\" data-settings=\"{&quot;background_background&quot;:&quot;classic&quot;}\">\n\t\t\t\t\t\t\t<div class=\"elementor-background-overlay\"><\/div>\n\t\t\t\t\t\t\t<div class=\"elementor-container elementor-column-gap-extended\">\n\t\t\t\t<div class=\"elementor-row\">\n\t\t\t\t<div class=\"elementor-element elementor-element-75fcc636 elementor-column elementor-col-100 elementor-top-column\" data-id=\"75fcc636\" data-element_type=\"column\">\n\t\t\t<div class=\"elementor-column-wrap  elementor-element-populated\">\n\t\t\t\t\t<div class=\"elementor-widget-wrap\">\n\t\t\t\t<section class=\"elementor-element elementor-element-7cc1bfe5 elementor-section-boxed elementor-section-height-default elementor-section-height-default elementor-section elementor-inner-section\" data-id=\"7cc1bfe5\" data-element_type=\"section\">\n\t\t\t\t\t\t<div class=\"elementor-container elementor-column-gap-default\">\n\t\t\t\t<div class=\"elementor-row\">\n\t\t\t\t<div class=\"elementor-element elementor-element-6e11c26d elementor-column elementor-col-50 elementor-inner-column\" data-id=\"6e11c26d\" data-element_type=\"column\">\n\t\t\t<div class=\"elementor-column-wrap  elementor-element-populated\">\n\t\t\t\t\t<div class=\"elementor-widget-wrap\">\n\t\t\t\t<div class=\"elementor-element elementor-element-16e30acc elementor-invisible elementor-widget elementor-widget-heading\" data-id=\"16e30acc\" data-element_type=\"widget\" data-settings=\"{&quot;_animation&quot;:&quot;fadeInDown&quot;}\" data-widget_type=\"heading.default\">\n\t\t\t\t<div class=\"elementor-widget-container\">\n\t\t\t<h2 class=\"elementor-heading-title elementor-size-default\">Servicio urgente y asistencia inmediata en reparaciones.<\/h2>\t\t<\/div>\n\t\t\t\t<\/div>\n\t\t\t\t<div class=\"elementor-element elementor-element-5365f268 elementor-icon-list--layout-traditional elementor-widget elementor-widget-icon-list\" data-id=\"5365f268\" data-element_type=\"widget\" data-widget_type=\"icon-list.default\">\n\t\t\t\t<div class=\"elementor-widget-container\">\n\t\t\t\t\t<ul class=\"elementor-icon-list-items\">\n\t\t\t\t\t\t\t<li class=\"elementor-icon-list-item\" >\n\t\t\t\t\t\t\t\t\t\t\t<span class=\"elementor-icon-list-icon\">\n\t\t\t\t\t\t\t<i aria-hidden=\"true\" class=\"far fa-building\"><\/i>\t\t\t\t\t\t<\/span>\n\t\t\t\t\t\t\t\t\t\t<span class=\"elementor-icon-list-text\">C\/ Oriol, 9, Ronda de dalt,  Sortida, 13, 08950   Esplugues de Llobregat<\/span>\n\t\t\t\t\t\t\t\t\t<\/li>\n\t\t\t\t\t\t\t\t<li class=\"elementor-icon-list-item\" >\n\t\t\t\t\t\t\t\t\t\t\t<span class=\"elementor-icon-list-icon\">\n\t\t\t\t\t\t\t<i aria-hidden=\"true\" class=\"fas fa-phone-square\"><\/i>\t\t\t\t\t\t<\/span>\n\t\t\t\t\t\t\t\t\t\t<span class=\"elementor-icon-list-text\">+34 669800100<\/span>\n\t\t\t\t\t\t\t\t\t<\/li>\n\t\t\t\t\t\t\t\t<li class=\"elementor-icon-list-item\" >\n\t\t\t\t\t<a href=\"#\" target=\"_blank\">\t\t\t\t\t\t<span class=\"elementor-icon-list-icon\">\n\t\t\t\t\t\t\t<i aria-hidden=\"true\" class=\"far fa-envelope\"><\/i>\t\t\t\t\t\t<\/span>\n\t\t\t\t\t\t\t\t\t\t<span class=\"elementor-icon-list-text\">info@mantenimiento-industrial.net<\/span>\n\t\t\t\t\t\t\t\t\t\t\t<\/a>\n\t\t\t\t\t\t\t\t\t<\/li>\n\t\t\t\t\t\t<\/ul>\n\t\t\t\t<\/div>\n\t\t\t\t<\/div>\n\t\t\t\t<div class=\"elementor-element elementor-element-3fa87ca7 elementor-invisible elementor-widget elementor-widget-text-editor\" data-id=\"3fa87ca7\" data-element_type=\"widget\" data-settings=\"{&quot;_animation&quot;:&quot;fadeInUp&quot;,&quot;_animation_delay&quot;:&quot;200&quot;}\" data-widget_type=\"text-editor.default\">\n\t\t\t\t<div class=\"elementor-widget-container\">\n\t\t\t\t\t<div class=\"elementor-text-editor elementor-clearfix\"><p>PRIMERA EVALUACI\u00d3N GRATUITA<\/p><\/div>\n\t\t\t\t<\/div>\n\t\t\t\t<\/div>\n\t\t\t\t\t\t<\/div>\n\t\t\t<\/div>\n\t\t<\/div>\n\t\t\t\t<div class=\"elementor-element elementor-element-6f7cb9e0 elementor-column elementor-col-50 elementor-inner-column\" data-id=\"6f7cb9e0\" data-element_type=\"column\">\n\t\t\t<div class=\"elementor-column-wrap  elementor-element-populated\">\n\t\t\t\t\t<div class=\"elementor-widget-wrap\">\n\t\t\t\t<div class=\"elementor-element elementor-element-11ac865b elementor-invisible elementor-widget elementor-widget-text-editor\" data-id=\"11ac865b\" data-element_type=\"widget\" data-settings=\"{&quot;_animation&quot;:&quot;fadeInDown&quot;}\" data-widget_type=\"text-editor.default\">\n\t\t\t\t<div class=\"elementor-widget-container\">\n\t\t\t\t\t<div class=\"elementor-text-editor elementor-clearfix\"><p>\u00bfen qu\u00e9 te podemos ayudar?<\/p><\/div>\n\t\t\t\t<\/div>\n\t\t\t\t<\/div>\n\t\t\t\t<div class=\"elementor-element elementor-element-3a6e9c5d animated-slow elementor-button-align-stretch elementor-invisible elementor-widget elementor-widget-form\" data-id=\"3a6e9c5d\" data-element_type=\"widget\" data-settings=\"{&quot;_animation&quot;:&quot;fadeInDown&quot;}\" data-widget_type=\"form.default\">\n\t\t\t\t<div class=\"elementor-widget-container\">\n\t\t\t\t\t<form class=\"elementor-form\" method=\"post\" name=\"Formulario de contacto\">\n\t\t\t<input type=\"hidden\" name=\"post_id\" value=\"1712\"\/>\n\t\t\t<input type=\"hidden\" name=\"form_id\" value=\"3a6e9c5d\"\/>\n\n\t\t\t\n\t\t\t<div class=\"elementor-form-fields-wrapper elementor-labels-above\">\n\t\t\t\t\t\t\t\t<div class=\"elementor-field-type-text elementor-field-group elementor-column elementor-field-group-name elementor-col-100 elementor-field-required elementor-mark-required\">\n\t\t\t\t\t<label for=\"form-field-name\" class=\"elementor-field-label\">Nombre<\/label><input size=\"1\" type=\"text\" name=\"form_fields[name]\" id=\"form-field-name\" class=\"elementor-field elementor-size-sm  elementor-field-textual\" placeholder=\"Nombre\" required=\"required\" aria-required=\"true\">\t\t\t\t<\/div>\n\t\t\t\t\t\t\t\t<div class=\"elementor-field-type-tel elementor-field-group elementor-column elementor-field-group-field_1 elementor-col-100 elementor-field-required elementor-mark-required\">\n\t\t\t\t\t<label for=\"form-field-field_1\" class=\"elementor-field-label\">Tel\u00e9fono<\/label><input size=\"1\" type=\"tel\" name=\"form_fields[field_1]\" id=\"form-field-field_1\" class=\"elementor-field elementor-size-sm  elementor-field-textual\" placeholder=\"Tel\u00e9fono\" required=\"required\" aria-required=\"true\" pattern=\"[0-9()#&amp;+*-=.]+\" title=\"Only numbers and phone characters (#, -, *, etc) are accepted.\">\t\t\t\t<\/div>\n\t\t\t\t\t\t\t\t<div class=\"elementor-field-type-email elementor-field-group elementor-column elementor-field-group-email elementor-col-100 elementor-field-required elementor-mark-required\">\n\t\t\t\t\t<label for=\"form-field-email\" class=\"elementor-field-label\">Email<\/label><input size=\"1\" type=\"email\" name=\"form_fields[email]\" id=\"form-field-email\" class=\"elementor-field elementor-size-sm  elementor-field-textual\" placeholder=\"Email\" required=\"required\" aria-required=\"true\">\t\t\t\t<\/div>\n\t\t\t\t\t\t\t\t<div class=\"elementor-field-type-textarea elementor-field-group elementor-column elementor-field-group-message elementor-col-100\">\n\t\t\t\t\t<label for=\"form-field-message\" class=\"elementor-field-label\">Mensaje<\/label><textarea class=\"elementor-field-textual elementor-field  elementor-size-sm\" name=\"form_fields[message]\" id=\"form-field-message\" rows=\"4\" placeholder=\"Mensaje\"><\/textarea>\t\t\t\t<\/div>\n\t\t\t\t\t\t\t\t<div class=\"elementor-field-group elementor-column elementor-field-type-submit elementor-col-100\">\n\t\t\t\t\t<button type=\"submit\" class=\"elementor-button elementor-size-sm\">\n\t\t\t\t\t\t<span >\n\t\t\t\t\t\t\t\t\t\t\t\t\t\t\t<span class=\" elementor-button-icon\">\n\t\t\t\t\t\t\t\t\t\t\t\t\t\t\t\t\t\t\t\t\t\t\t\t\t\t<\/span>\n\t\t\t\t\t\t\t\t\t\t\t\t\t\t\t\t\t\t\t\t\t\t<span class=\"elementor-button-text\">Enviar<\/span>\n\t\t\t\t\t\t\t\t\t\t\t\t\t<\/span>\n\t\t\t\t\t<\/button>\n\t\t\t\t<\/div>\n\t\t\t<\/div>\n\t\t<\/form>\n\t\t\t\t<\/div>\n\t\t\t\t<\/div>\n\t\t\t\t\t\t<\/div>\n\t\t\t<\/div>\n\t\t<\/div>\n\t\t\t\t\t\t<\/div>\n\t\t\t<\/div>\n\t\t<\/section>\n\t\t\t\t\t\t<\/div>\n\t\t\t<\/div>\n\t\t<\/div>\n\t\t\t\t\t\t<\/div>\n\t\t\t<\/div>\n\t\t<\/section>\n\t\t\t\t\t\t<\/div>\n\t\t\t<\/div>\n\t\t<\/div>\n\t\t","protected":false},"excerpt":{"rendered":"<p>Contacta Servicio urgente y asistencia inmediata de reparaciones y empresas., Primera evaluaci\u00f3n de la aver\u00eda sin compromiso. Llamar al 669 800 100 mantenimiento llaves en mano Desde Mantenimiento Industrial, ofrecemos el servicio del contrato de llave en mano. Nosotros nos encaremos de la\u00a0 puesta en marcha de tus instalaciones realizando el mantenimiento, contratos con promotoras, &hellip;<\/p>\n<p class=\"read-more\"> <a class=\"\" href=\"https:\/\/reparacion-de-maquinaria.es\/?page_id=1712\"> <span class=\"screen-reader-text\">Mantenimiento llaves en mano<\/span> Leer m\u00e1s &raquo;<\/a><\/p>\n","protected":false},"author":1,"featured_media":0,"parent":0,"menu_order":0,"comment_status":"closed","ping_status":"closed","template":"","meta":[],"yoast_head":"<!-- This site is optimized with the Yoast SEO plugin v14.1 - https:\/\/yoast.com\/wordpress\/plugins\/seo\/ -->\n<title>Mantenimiento llaves en mano-Mantenimiento-Industrial Barcelona<\/title>\n<meta name=\"description\" content=\"Mantenimiento llaves en mano, servicios de manten. y seguimiento de instalaciones, el\u00e9ctricas, de maquinaria, hidr\u00e1ulicas y neum\u00e1ticas. Contacta 669800100.\" \/>\n<meta name=\"robots\" content=\"index, follow\" \/>\n<meta name=\"googlebot\" content=\"index, follow, max-snippet:-1, max-image-preview:large, max-video-preview:-1\" \/>\n<meta name=\"bingbot\" content=\"index, follow, max-snippet:-1, max-image-preview:large, max-video-preview:-1\" \/>\n<link rel=\"canonical\" href=\"https:\/\/reparacion-de-maquinaria.es\/mantenimiento-llaves-en-mano\/\" \/>\n<meta property=\"og:locale\" content=\"es_ES\" \/>\n<meta property=\"og:type\" content=\"article\" \/>\n<meta property=\"og:title\" content=\"Mantenimiento llaves en mano-Mantenimiento-Industrial Barcelona\" \/>\n<meta property=\"og:description\" content=\"Mantenimiento llaves en mano, servicios de manten. y seguimiento de instalaciones, el\u00e9ctricas, de maquinaria, hidr\u00e1ulicas y neum\u00e1ticas. Contacta 669800100.\" \/>\n<meta property=\"og:url\" content=\"https:\/\/reparacion-de-maquinaria.es\/mantenimiento-llaves-en-mano\/\" \/>\n<meta property=\"og:site_name\" content=\"Reparaciones Industriales\" \/>\n<meta property=\"article:modified_time\" content=\"2020-02-19T15:57:56+00:00\" \/>\n<meta name=\"twitter:card\" content=\"summary_large_image\" \/>\n<script type=\"application\/ld+json\" class=\"yoast-schema-graph\">{\"@context\":\"https:\/\/schema.org\",\"@graph\":[{\"@type\":\"WebSite\",\"@id\":\"https:\/\/reparacion-de-maquinaria.es\/#website\",\"url\":\"https:\/\/reparacion-de-maquinaria.es\/\",\"name\":\"Reparaciones Industriales\",\"description\":\"Somos especialistas en reparaci\\u00f3n de maquinaria industrial, mantenimiento industrial, asistencia t\\u00e9cnica y mantenimiento de llaves en mano.\",\"potentialAction\":[{\"@type\":\"SearchAction\",\"target\":\"https:\/\/reparacion-de-maquinaria.es\/?s={search_term_string}\",\"query-input\":\"required name=search_term_string\"}],\"inLanguage\":\"es\"},{\"@type\":\"WebPage\",\"@id\":\"https:\/\/reparacion-de-maquinaria.es\/mantenimiento-llaves-en-mano\/#webpage\",\"url\":\"https:\/\/reparacion-de-maquinaria.es\/mantenimiento-llaves-en-mano\/\",\"name\":\"Mantenimiento llaves en mano-Mantenimiento-Industrial Barcelona\",\"isPartOf\":{\"@id\":\"https:\/\/reparacion-de-maquinaria.es\/#website\"},\"datePublished\":\"2019-09-28T17:06:22+00:00\",\"dateModified\":\"2020-02-19T15:57:56+00:00\",\"description\":\"Mantenimiento llaves en mano, servicios de manten. y seguimiento de instalaciones, el\\u00e9ctricas, de maquinaria, hidr\\u00e1ulicas y neum\\u00e1ticas. Contacta 669800100.\",\"inLanguage\":\"es\",\"potentialAction\":[{\"@type\":\"ReadAction\",\"target\":[\"https:\/\/reparacion-de-maquinaria.es\/mantenimiento-llaves-en-mano\/\"]}]}]}<\/script>\n<!-- \/ Yoast SEO plugin. -->","_links":{"self":[{"href":"https:\/\/reparacion-de-maquinaria.es\/index.php?rest_route=\/wp\/v2\/pages\/1712"}],"collection":[{"href":"https:\/\/reparacion-de-maquinaria.es\/index.php?rest_route=\/wp\/v2\/pages"}],"about":[{"href":"https:\/\/reparacion-de-maquinaria.es\/index.php?rest_route=\/wp\/v2\/types\/page"}],"author":[{"embeddable":true,"href":"https:\/\/reparacion-de-maquinaria.es\/index.php?rest_route=\/wp\/v2\/users\/1"}],"replies":[{"embeddable":true,"href":"https:\/\/reparacion-de-maquinaria.es\/index.php?rest_route=%2Fwp%2Fv2%2Fcomments&post=1712"}],"version-history":[{"count":11,"href":"https:\/\/reparacion-de-maquinaria.es\/index.php?rest_route=\/wp\/v2\/pages\/1712\/revisions"}],"predecessor-version":[{"id":2080,"href":"https:\/\/reparacion-de-maquinaria.es\/index.php?rest_route=\/wp\/v2\/pages\/1712\/revisions\/2080"}],"wp:attachment":[{"href":"https:\/\/reparacion-de-maquinaria.es\/index.php?rest_route=%2Fwp%2Fv2%2Fmedia&parent=1712"}],"curies":[{"name":"wp","href":"https:\/\/api.w.org\/{rel}","templated":true}]}}